{"id":3679,"date":"2021-04-28T12:13:40","date_gmt":"2021-04-28T12:13:40","guid":{"rendered":"https:\/\/eventomarketingmixdoerro.pt\/index.php\/politica-de-privacidade-copy\/"},"modified":"2021-05-09T17:44:05","modified_gmt":"2021-05-09T17:44:05","slug":"medidas-de-seguranca-durante-evento","status":"publish","type":"page","link":"https:\/\/eventomarketingmixdoerro.pt\/index.php\/medidas-de-seguranca-durante-evento\/","title":{"rendered":"MEDIDAS DE SEGURAN\u00c7A DURANTE O EVENTO"},"content":{"rendered":"<section class=\"wpb-content-wrapper\">[vc_row][vc_column][vc_column_text text_larger=&#8221;no&#8221;]\n<h2>A sua <strong>seguran\u00e7a<\/strong> \u00e9 t\u00e3o importante para n\u00f3s, como a realiza\u00e7\u00e3o deste evento. Isto \u00e9 o que vamos fazer para assegur\u00e1-la:<\/h2>\n<ul>\n<li><strong>O processo de check-in:<\/strong>\n<ul>\n<li>Est\u00e1 preparado para evitar o m\u00e1ximo de contacto. Vai necessitar de mostrar um QR CODE na entrada ap\u00f3s registo na WebApp do evento para validar a entrada<\/li>\n<li>Vamos <strong>medida a temperatura<\/strong><\/li>\n<\/ul>\n<\/li>\n<li>Existem v\u00e1rios pontos com \u00e1lcool gel para <strong>desinfe\u00e7\u00e3o das m\u00e3os<\/strong><\/li>\n<li>Todos os que est\u00e3o no evento v\u00e3o receber <strong>m\u00e1scaras em formato \u201cbico de pato\u201d<\/strong>. Escolhemos este tipo de prote\u00e7\u00e3o, pois as suas especifica\u00e7\u00f5es t\u00e9cnicas foram verificadas pelo CTCP- N\u00baBA 3837\/2020. \u00c9 uma m\u00e1scara de n\u00edvel 2 que garante a conten\u00e7\u00e3o de part\u00edculas respirat\u00f3rias expelidas atrav\u00e9s da fala, tosse ou espirros. <em><strong>Nota Importante: todas as m\u00e1scaras est\u00e3o devidamente desinfetadas.<\/strong><\/em><\/li>\n<li>O evento podem utilizar <strong>3 espa\u00e7os diferentes<\/strong>: exterior, interior (hall do audit\u00f3rio) e o audit\u00f3rio. Desta forma podemos evitar grandes ajuntamentos de pessoas<\/li>\n<li>Na WebApp do evento podem aceder a todas as informa\u00e7\u00f5es que necessitam<\/li>\n<li>Existe um <strong>percurso definido<\/strong> para circular durante o evento e audit\u00f3rio<\/li>\n<li>N\u00e3o existem mesas de comida, bolos ou bolinhos para evitar ajuntamentos. Por isso, cada participante ter\u00e1 um <strong>Kit de comida<\/strong><\/li>\n<li><strong>Audit\u00f3rio:<\/strong>\n<ul>\n<li>Para respeitar o <strong>distanciamento social<\/strong> imposto segundo as normas de seguran\u00e7a da DGS, dos 304 lugares, s\u00f3 v\u00e3o ser utilizados apenas 100 lugares no audit\u00f3rio. O distanciamento necess\u00e1rio \u00e9 assegurado pelo espa\u00e7o de 2 cadeira vazias<\/li>\n<li>Entrada pela direita e sa\u00edda pela esquerda<\/li>\n<li>Os participantes devem sair por fila de cada vez<\/li>\n<\/ul>\n<\/li>\n<li>Uma <strong>equipa de 18 alunos do Curso de Turismo do ISPGAYA realizou um<\/strong>\u00a0<strong>plano de a\u00e7\u00e3o para <\/strong>assegurar o cumprimento de todos estes itens e tamb\u00e9m prestar todo o apoio necess\u00e1rio durante o evento.<\/li>\n<\/ul>\n<p>&nbsp;<\/p>\n<div id=\"attachment_3697\" style=\"width: 892px\" class=\"wp-caption aligncenter\"><img aria-describedby=\"caption-attachment-3697\" loading=\"lazy\" class=\"wp-image-3697 \" src=\"https:\/\/eventomarketingmixdoerro.pt\/wp-content\/uploads\/2021\/04\/cupcakes2.jpg\" alt=\"\" width=\"882\" height=\"589\" srcset=\"https:\/\/eventomarketingmixdoerro.pt\/wp-content\/uploads\/2021\/04\/cupcakes2.jpg 1350w, https:\/\/eventomarketingmixdoerro.pt\/wp-content\/uploads\/2021\/04\/cupcakes2-300x200.jpg 300w, https:\/\/eventomarketingmixdoerro.pt\/wp-content\/uploads\/2021\/04\/cupcakes2-1024x683.jpg 1024w, https:\/\/eventomarketingmixdoerro.pt\/wp-content\/uploads\/2021\/04\/cupcakes2-768x513.jpg 768w, https:\/\/eventomarketingmixdoerro.pt\/wp-content\/uploads\/2021\/04\/cupcakes2-1200x801.jpg 1200w\" sizes=\"(max-width: 882px) 100vw, 882px\" \/><p id=\"caption-attachment-3697\" class=\"wp-caption-text\"><strong>MEDIDAS DE SEGURAN\u00c7A QUE S\u00c3O UMA DEL\u00cdCIA<\/strong><\/p><\/div>\n<p><!-- \/wp:paragraph -->&nbsp;[\/vc_column_text][\/vc_column][\/vc_row]\n<\/section>","protected":false},"excerpt":{"rendered":"<p>[vc_row][vc_column][vc_column_text text_larger=&#8221;no&#8221;] A sua seguran\u00e7a \u00e9 t\u00e3o importante para n\u00f3s, como a realiza\u00e7\u00e3o deste evento. Isto \u00e9 o que vamos<\/p>\n","protected":false},"author":1,"featured_media":0,"parent":0,"menu_order":0,"comment_status":"closed","ping_status":"closed","template":"","meta":{"_themeisle_gutenberg_block_has_review":false},"_links":{"self":[{"href":"https:\/\/eventomarketingmixdoerro.pt\/index.php\/wp-json\/wp\/v2\/pages\/3679"}],"collection":[{"href":"https:\/\/eventomarketingmixdoerro.pt\/index.php\/wp-json\/wp\/v2\/pages"}],"about":[{"href":"https:\/\/eventomarketingmixdoerro.pt\/index.php\/wp-json\/wp\/v2\/types\/page"}],"author":[{"embeddable":true,"href":"https:\/\/eventomarketingmixdoerro.pt\/index.php\/wp-json\/wp\/v2\/users\/1"}],"replies":[{"embeddable":true,"href":"https:\/\/eventomarketingmixdoerro.pt\/index.php\/wp-json\/wp\/v2\/comments?post=3679"}],"version-history":[{"count":26,"href":"https:\/\/eventomarketingmixdoerro.pt\/index.php\/wp-json\/wp\/v2\/pages\/3679\/revisions"}],"predecessor-version":[{"id":3722,"href":"https:\/\/eventomarketingmixdoerro.pt\/index.php\/wp-json\/wp\/v2\/pages\/3679\/revisions\/3722"}],"wp:attachment":[{"href":"https:\/\/eventomarketingmixdoerro.pt\/index.php\/wp-json\/wp\/v2\/media?parent=3679"}],"curies":[{"name":"wp","href":"https:\/\/api.w.org\/{rel}","templated":true}]}}